{"id":764,"date":"2025-07-25T20:12:07","date_gmt":"2025-07-25T20:12:07","guid":{"rendered":"https:\/\/naturalkube.com\/aviso-legal\/"},"modified":"2025-07-25T20:12:07","modified_gmt":"2025-07-25T20:12:07","slug":"aviso-legal","status":"publish","type":"page","link":"https:\/\/naturalkube.com\/ca\/aviso-legal\/","title":{"rendered":"Aviso Legal"},"content":{"rendered":"<p>Aviso\u00a0 Legal<\/p>\n<p>En cumplimiento del Cap\u00edtulo II de la ley 34\/2002, LSSICE, le informamos que la presente p\u00e1gina web es propiedad de NATURAL KUBE SL. domiciliada en Avenida Arrieiros, parcela I-1 15573 Nar\u00f3n (A Coru\u00f1a), y con CIF B21967104, e-mail info@naturalkube.com.<\/p>\n<p>Con objeto de cumplir con el Reglamento (UE) 2016\/679 del Parlamento Europeo y del Consejo, de 27 de abril de 2016, relativo a la Protecci\u00f3n de las Personas F\u00edsicas en lo que respecta el Tratamiento de Datos Personales y a la Libre Circulaci\u00f3n de \u00e9stos, le informamos de lo siguiente:<\/p>\n<p>1)\u00a0Legitimaci\u00f3n, finalidad y autorizaci\u00f3n expresa del cliente al tratamiento de sus datos: La informaci\u00f3n personal que nos facilite (datos identificativos y de contacto, documentaci\u00f3n personal y\/o legal necesaria, etc.) ser\u00e1 tratada con el fin de prestar los servicios objeto de contrato. Del mismo modo, podr\u00e1 ser utilizada para responder a las consultas realizadas a trav\u00e9s de cualquier v\u00eda ordinaria o electr\u00f3nica, env\u00edo de facturas o cualquier informaci\u00f3n que pudiera ser de su inter\u00e9s o necesaria para una correcta gesti\u00f3n del expediente incluyendo su faceta interna y administrativa. En este sentido, la legitimaci\u00f3n para el tratamiento de los datos del usuario es la propia ejecuci\u00f3n del contrato, por lo que el suministro de dichos datos es obligado e impedir\u00eda en caso contrario el cumplimiento del mismo.<\/p>\n<p>2) Responsable de los datos: El responsable de los datos suministrados es NATURAL KUBE SL, con CIF B21967104 y domicilio en Avenida Arrieiros, parcela I-1 15573 Nar\u00f3n (A Coru\u00f1a).<\/p>\n<p>3)\u00a0Autorizaci\u00f3n expresa de cesi\u00f3n de datos a terceros: Usted consiente expresamente la cesi\u00f3n de sus datos a terceros cuando sea necesario para la correcta prestaci\u00f3n del servicio, consentimiento que en cualquier momento podr\u00e1 ser revocado mediante comunicaci\u00f3n fehaciente a la direcci\u00f3n postal que se se\u00f1alar\u00e1 en el apartado 6\u00b0, en la que igualmente podr\u00e1 ejercer sus derechos de acceso, rectificaci\u00f3n, cancelaci\u00f3n u oposici\u00f3n al tratamiento.<\/p>\n<p>4)\u00a0Tiempo de conservaci\u00f3n de los datos: Los datos proporcionados se conservar\u00e1n durante el tiempo que dure la relaci\u00f3n contractual y durante el plazo por el cual pudieran derivarse responsabilidades por los servicios prestados, siendo los mismos, con car\u00e1cter orientativo, los siguientes: 6 a\u00f1os respecto a libros de contabilidad, facturas, etc. (art. 30 C\u00f3digo de Comercio); 5 a\u00f1os para las acciones personales sin plazo especial (art. 1964 C\u00f3digo Civil); 10 a\u00f1os para las acciones derivadas de la Ley 10\/2010, de 28 de abril, de Prevenci\u00f3n de Blanqueo de Capitales y Financiaci\u00f3n del Terrorismo (art. 25); y 4 a\u00f1os respecto a obligaciones tributarias (arts. 66 y ss Ley General Tributaria).<\/p>\n<p>5)\u00a0Medidas de seguridad: La seguridad de la informaci\u00f3n es uno de nuestros compromisos y en cumplimiento de la legislaci\u00f3n vigente, se tratar\u00e1n los datos del usuario en todo momento de forma absolutamente confidencial y guardando el preceptivo deber de secreto respecto de los mismos, de conformidad con lo previsto en la normativa de aplicaci\u00f3n y adoptando al efecto las medidas de seguridad de \u00edndole t\u00e9cnica y organizativas necesarias que garanticen la seguridad de sus datos y eviten su alteraci\u00f3n, p\u00e9rdida, tratamiento o acceso no autorizado, habida cuenta del estado de la tecnolog\u00eda, la naturaleza de los datos almacenados y los riesgos a que est\u00e1n expuestos.<\/p>\n<p>6)\u00a0Usted tiene los siguientes Derechos en relaci\u00f3n a sus datos personales:<\/p>\n<p>Revocar los consentimientos otorgados.<br \/>\nObtener confirmaci\u00f3n acerca de si se est\u00e1n tratando datos personales que conciernen al usuario o no.<br \/>\nAcceder a sus datos personales.<br \/>\nRectificar los datos inexactos o incompletos.<br \/>\nSolicitar la supresi\u00f3n de sus datos cuando, entre otros motivos, los datos ya no sean necesarios para los fines que fueron recogidos.<br \/>\nObtener la limitaci\u00f3n del tratamiento de los datos cuando se cumpla alguna de las condiciones previstas en la normativa de protecci\u00f3n de datos.<br \/>\nSolicitar la portabilidad de sus datos.<br \/>\nReclamar ante la Agencia Espa\u00f1ola de Protecci\u00f3n de Datos, a trav\u00e9s de la siguiente direcci\u00f3n https:\/\/www.agpd.es, cuando el interesado considere que se han vulnerado los derechos que le son reconocidos por la normativa aplicable en protecci\u00f3n de datos.<br \/>\nPuede ejercitar en todo momento dichos derechos mediante escrito dirigido A\/A de NATURAL KUBE SL en la siguiente direcci\u00f3n postal: Avenida Arrieiros, parcela I-1 15573 Nar\u00f3n (A Coru\u00f1a) o enviando un e-mail a: info@naturalkube.com, indicando como Asunto: \u201cLOPD, Derechos ARCO\u201d. Junto con dicha solicitud, deber\u00e1n justificarse los motivos de la misma, y se acompa\u00f1ar\u00e1 copia del DNI o cuantos documentos sean necesarios para acreditar su identidad.<\/p>\n<p>&nbsp;<\/p>\n<p>Aceptaci\u00f3n y consentimiento<\/p>\n<p>El Usuario declara haber sido informado de las condiciones sobre protecci\u00f3n de datos de car\u00e1cter personal, aceptando y consintiendo el tratamiento automatizado de los mismos por parte de NATURAL KUBE SL en la forma y para las finalidades indicadas en la presente Pol\u00edtica de Protecci\u00f3n de Datos Personales.<\/p>\n<p>Por lo tanto, al utilizar este formulario para contactar con NATURAL KUBE SL, estoy autorizando expresamente a la utilizaci\u00f3n de mis datos para el env\u00edo de comunicaciones comerciales, por cualquier v\u00eda (incluido correo electr\u00f3nico), pudiendo anular dicha autorizaci\u00f3n, cuando lo desee, dirigi\u00e9ndome a NATURAL KUBE SL.<\/p>\n<p>El Usuario declara haber sido informado de que en el caso de que la web se encuentre sin cliente que la explote (sin alquilar), NATURAL KUBE SL podr\u00e1 recoger los formularios y e-mails recibidos y cederlos a terceras empresas para que puedan ofertarle el servicio que ha solicitado.<\/p>\n<p>&nbsp;<\/p>\n<p>Legislaci\u00f3n<\/p>\n<p>Con car\u00e1cter general las relaciones entre NATURAL KUBE SL con los Usuarios de sus servicios telem\u00e1ticos, presentes en este sitio Web, se encuentran sometidas a la legislaci\u00f3n y jurisdicci\u00f3n espa\u00f1olas.<\/p>\n","protected":false},"excerpt":{"rendered":"<p>Aviso\u00a0 Legal En cumplimiento del Cap\u00edtulo II de la ley 34\/2002, LSSICE, le informamos que la presente p\u00e1gina web es propiedad de NATURAL KUBE SL. domiciliada en Avenida Arrieiros, parcela&#8230;<\/p>\n","protected":false},"author":2,"featured_media":0,"parent":0,"menu_order":0,"comment_status":"closed","ping_status":"closed","template":"","meta":{"footnotes":""},"class_list":["post-764","page","type-page","status-publish"],"yoast_head":"<!-- This site is optimized with the Yoast SEO plugin v27.4 - https:\/\/yoast.com\/product\/yoast-seo-wordpress\/ -->\n<title>Aviso Legal | Natural Kube<\/title>\n<meta name=\"robots\" content=\"index, follow, max-snippet:-1, max-image-preview:large, max-video-preview:-1\" \/>\n<link rel=\"canonical\" href=\"https:\/\/naturalkube.com\/ca\/aviso-legal\/\" \/>\n<meta property=\"og:locale\" content=\"ca_ES\" \/>\n<meta property=\"og:type\" content=\"article\" \/>\n<meta property=\"og:title\" content=\"Aviso Legal | Natural Kube\" \/>\n<meta property=\"og:description\" content=\"Aviso\u00a0 Legal En cumplimiento del Cap\u00edtulo II de la ley 34\/2002, LSSICE, le informamos que la presente p\u00e1gina web es propiedad de NATURAL KUBE SL. domiciliada en Avenida Arrieiros, parcela...\" \/>\n<meta property=\"og:url\" content=\"https:\/\/naturalkube.com\/ca\/aviso-legal\/\" \/>\n<meta property=\"og:site_name\" content=\"Natural Kube\" \/>\n<meta property=\"og:image\" content=\"https:\/\/naturalkube.com\/wp-content\/uploads\/2025\/07\/Logo_small.png\" \/>\n\t<meta property=\"og:image:width\" content=\"337\" \/>\n\t<meta property=\"og:image:height\" content=\"264\" \/>\n\t<meta property=\"og:image:type\" content=\"image\/png\" \/>\n<meta name=\"twitter:card\" content=\"summary_large_image\" \/>\n<meta name=\"twitter:label1\" content=\"Temps estimat de lectura\" \/>\n\t<meta name=\"twitter:data1\" content=\"5 minuts\" \/>\n<script type=\"application\/ld+json\" class=\"yoast-schema-graph\">{\"@context\":\"https:\\\/\\\/schema.org\",\"@graph\":[{\"@type\":\"WebPage\",\"@id\":\"https:\\\/\\\/naturalkube.com\\\/ca\\\/aviso-legal\\\/\",\"url\":\"https:\\\/\\\/naturalkube.com\\\/ca\\\/aviso-legal\\\/\",\"name\":\"Aviso Legal | Natural Kube\",\"isPartOf\":{\"@id\":\"https:\\\/\\\/naturalkube.com\\\/#website\"},\"datePublished\":\"2025-07-25T20:12:07+00:00\",\"breadcrumb\":{\"@id\":\"https:\\\/\\\/naturalkube.com\\\/ca\\\/aviso-legal\\\/#breadcrumb\"},\"inLanguage\":\"ca\",\"potentialAction\":[{\"@type\":\"ReadAction\",\"target\":[\"https:\\\/\\\/naturalkube.com\\\/ca\\\/aviso-legal\\\/\"]}]},{\"@type\":\"BreadcrumbList\",\"@id\":\"https:\\\/\\\/naturalkube.com\\\/ca\\\/aviso-legal\\\/#breadcrumb\",\"itemListElement\":[{\"@type\":\"ListItem\",\"position\":1,\"name\":\"Portada\",\"item\":\"https:\\\/\\\/naturalkube.com\\\/ca\\\/inicio\\\/\"},{\"@type\":\"ListItem\",\"position\":2,\"name\":\"Aviso Legal\"}]},{\"@type\":\"WebSite\",\"@id\":\"https:\\\/\\\/naturalkube.com\\\/#website\",\"url\":\"https:\\\/\\\/naturalkube.com\\\/\",\"name\":\"Natural Kube\",\"description\":\"Urban Solutions\",\"publisher\":{\"@id\":\"https:\\\/\\\/naturalkube.com\\\/#organization\"},\"potentialAction\":[{\"@type\":\"SearchAction\",\"target\":{\"@type\":\"EntryPoint\",\"urlTemplate\":\"https:\\\/\\\/naturalkube.com\\\/?s={search_term_string}\"},\"query-input\":{\"@type\":\"PropertyValueSpecification\",\"valueRequired\":true,\"valueName\":\"search_term_string\"}}],\"inLanguage\":\"ca\"},{\"@type\":\"Organization\",\"@id\":\"https:\\\/\\\/naturalkube.com\\\/#organization\",\"name\":\"Natural Kube\",\"url\":\"https:\\\/\\\/naturalkube.com\\\/\",\"logo\":{\"@type\":\"ImageObject\",\"inLanguage\":\"ca\",\"@id\":\"https:\\\/\\\/naturalkube.com\\\/#\\\/schema\\\/logo\\\/image\\\/\",\"url\":\"https:\\\/\\\/naturalkube.com\\\/wp-content\\\/uploads\\\/2025\\\/07\\\/Logo_small.png\",\"contentUrl\":\"https:\\\/\\\/naturalkube.com\\\/wp-content\\\/uploads\\\/2025\\\/07\\\/Logo_small.png\",\"width\":337,\"height\":264,\"caption\":\"Natural Kube\"},\"image\":{\"@id\":\"https:\\\/\\\/naturalkube.com\\\/#\\\/schema\\\/logo\\\/image\\\/\"},\"sameAs\":[\"https:\\\/\\\/www.linkedin.com\\\/company\\\/naturalkube\"]}]}<\/script>\n<!-- \/ Yoast SEO plugin. -->","yoast_head_json":{"title":"Aviso Legal | Natural Kube","robots":{"index":"index","follow":"follow","max-snippet":"max-snippet:-1","max-image-preview":"max-image-preview:large","max-video-preview":"max-video-preview:-1"},"canonical":"https:\/\/naturalkube.com\/ca\/aviso-legal\/","og_locale":"ca_ES","og_type":"article","og_title":"Aviso Legal | Natural Kube","og_description":"Aviso\u00a0 Legal En cumplimiento del Cap\u00edtulo II de la ley 34\/2002, LSSICE, le informamos que la presente p\u00e1gina web es propiedad de NATURAL KUBE SL. domiciliada en Avenida Arrieiros, parcela...","og_url":"https:\/\/naturalkube.com\/ca\/aviso-legal\/","og_site_name":"Natural Kube","og_image":[{"width":337,"height":264,"url":"https:\/\/naturalkube.com\/wp-content\/uploads\/2025\/07\/Logo_small.png","type":"image\/png"}],"twitter_card":"summary_large_image","twitter_misc":{"Temps estimat de lectura":"5 minuts"},"schema":{"@context":"https:\/\/schema.org","@graph":[{"@type":"WebPage","@id":"https:\/\/naturalkube.com\/ca\/aviso-legal\/","url":"https:\/\/naturalkube.com\/ca\/aviso-legal\/","name":"Aviso Legal | Natural Kube","isPartOf":{"@id":"https:\/\/naturalkube.com\/#website"},"datePublished":"2025-07-25T20:12:07+00:00","breadcrumb":{"@id":"https:\/\/naturalkube.com\/ca\/aviso-legal\/#breadcrumb"},"inLanguage":"ca","potentialAction":[{"@type":"ReadAction","target":["https:\/\/naturalkube.com\/ca\/aviso-legal\/"]}]},{"@type":"BreadcrumbList","@id":"https:\/\/naturalkube.com\/ca\/aviso-legal\/#breadcrumb","itemListElement":[{"@type":"ListItem","position":1,"name":"Portada","item":"https:\/\/naturalkube.com\/ca\/inicio\/"},{"@type":"ListItem","position":2,"name":"Aviso Legal"}]},{"@type":"WebSite","@id":"https:\/\/naturalkube.com\/#website","url":"https:\/\/naturalkube.com\/","name":"Natural Kube","description":"Urban Solutions","publisher":{"@id":"https:\/\/naturalkube.com\/#organization"},"potentialAction":[{"@type":"SearchAction","target":{"@type":"EntryPoint","urlTemplate":"https:\/\/naturalkube.com\/?s={search_term_string}"},"query-input":{"@type":"PropertyValueSpecification","valueRequired":true,"valueName":"search_term_string"}}],"inLanguage":"ca"},{"@type":"Organization","@id":"https:\/\/naturalkube.com\/#organization","name":"Natural Kube","url":"https:\/\/naturalkube.com\/","logo":{"@type":"ImageObject","inLanguage":"ca","@id":"https:\/\/naturalkube.com\/#\/schema\/logo\/image\/","url":"https:\/\/naturalkube.com\/wp-content\/uploads\/2025\/07\/Logo_small.png","contentUrl":"https:\/\/naturalkube.com\/wp-content\/uploads\/2025\/07\/Logo_small.png","width":337,"height":264,"caption":"Natural Kube"},"image":{"@id":"https:\/\/naturalkube.com\/#\/schema\/logo\/image\/"},"sameAs":["https:\/\/www.linkedin.com\/company\/naturalkube"]}]}},"_links":{"self":[{"href":"https:\/\/naturalkube.com\/ca\/wp-json\/wp\/v2\/pages\/764","targetHints":{"allow":["GET"]}}],"collection":[{"href":"https:\/\/naturalkube.com\/ca\/wp-json\/wp\/v2\/pages"}],"about":[{"href":"https:\/\/naturalkube.com\/ca\/wp-json\/wp\/v2\/types\/page"}],"author":[{"embeddable":true,"href":"https:\/\/naturalkube.com\/ca\/wp-json\/wp\/v2\/users\/2"}],"replies":[{"embeddable":true,"href":"https:\/\/naturalkube.com\/ca\/wp-json\/wp\/v2\/comments?post=764"}],"version-history":[{"count":0,"href":"https:\/\/naturalkube.com\/ca\/wp-json\/wp\/v2\/pages\/764\/revisions"}],"wp:attachment":[{"href":"https:\/\/naturalkube.com\/ca\/wp-json\/wp\/v2\/media?parent=764"}],"curies":[{"name":"wp","href":"https:\/\/api.w.org\/{rel}","templated":true}]}}